{"id":20,"date":"2021-09-21T15:26:20","date_gmt":"2021-09-21T15:26:20","guid":{"rendered":"http:\/\/alme-gestalt.local\/?page_id=20"},"modified":"2022-05-23T15:53:39","modified_gmt":"2022-05-23T15:53:39","slug":"create-your-website-with-blocks","status":"publish","type":"page","link":"https:\/\/alme-gestalt.com\/de\/","title":{"rendered":"Bienvenue"},"content":{"rendered":"<p class=\"has-text-align-left\">Sie \u00fcberlegen, eine Psychotherapie zu machen? Das ist gro\u00dfartig, denn den ersten Schritt haben Sie bereits getan: die Suche nach einer Therapieform, die zu Ihnen passt, und mit der Person, die Sie w\u00e4hlen werden, um Sie dabei zu begleiten. Der Schl\u00fcssel zu jeder gelungenen Psychotherapie ist die therapeutische Beziehung, und so werden sie vielleicht mehrere Therapeuten aufsuchen, bevor Sie die richtige Wahl treffen.<\/p>\n\n\n\n<p>Um es Ihnen leichter zu machen, lade ich Sie ein, diese Seite zu durchst\u00f6bern. Ich erkl\u00e4re, was Gestalttherapie ist und wie ich arbeite. Hier finden Sie auch einige Informationen zu meiner Person. So k\u00f6nnen Sie vor der Kontaktaufnahme einen ersten Eindruck gewinnen, Willkommen!<\/p>\n\n\n\n<div class=\"wp-block-image\"><figure class=\"aligncenter size-large is-resized\"><img decoding=\"async\" src=\"https:\/\/alme-gestalt.com\/wp-content\/uploads\/2021\/09\/lartigue-2-1024x614.jpg\" alt=\"\" class=\"wp-image-83\" width=\"-896\" height=\"-538\"\/><figcaption>\u00a9 Jacques-Henri Lartigue<\/figcaption><\/figure><\/div>","protected":false},"excerpt":{"rendered":"<p>Vous envisagez de suivre une psychoth\u00e9rapie ? C&rsquo;est formidable, car vous avez d\u00e9j\u00e0 franchi le premier pas : la recherche d&rsquo;une forme de th\u00e9rapie qui vous conviendrait avec le ou la th\u00e9rapeute que vous allez choisir pour vous accompagner. Vous allez le comprendre, la relation th\u00e9rapeutique est la cl\u00e9 de toute psychoth\u00e9rapie, et vous allez&hellip; <a class=\"more-link\" href=\"https:\/\/alme-gestalt.com\/de\/\"><span class=\"screen-reader-text\">Bienvenue<\/span> weiterlesen<\/a><\/p>","protected":false},"author":1,"featured_media":0,"parent":0,"menu_order":0,"comment_status":"closed","ping_status":"closed","template":"","meta":{"_monsterinsights_skip_tracking":false,"_monsterinsights_sitenote_active":false,"_monsterinsights_sitenote_note":"","_monsterinsights_sitenote_category":0,"footnotes":""},"class_list":["post-20","page","type-page","status-publish","hentry","entry"],"aioseo_notices":[],"_links":{"self":[{"href":"https:\/\/alme-gestalt.com\/de\/wp-json\/wp\/v2\/pages\/20","targetHints":{"allow":["GET"]}}],"collection":[{"href":"https:\/\/alme-gestalt.com\/de\/wp-json\/wp\/v2\/pages"}],"about":[{"href":"https:\/\/alme-gestalt.com\/de\/wp-json\/wp\/v2\/types\/page"}],"author":[{"embeddable":true,"href":"https:\/\/alme-gestalt.com\/de\/wp-json\/wp\/v2\/users\/1"}],"replies":[{"embeddable":true,"href":"https:\/\/alme-gestalt.com\/de\/wp-json\/wp\/v2\/comments?post=20"}],"version-history":[{"count":40,"href":"https:\/\/alme-gestalt.com\/de\/wp-json\/wp\/v2\/pages\/20\/revisions"}],"predecessor-version":[{"id":520,"href":"https:\/\/alme-gestalt.com\/de\/wp-json\/wp\/v2\/pages\/20\/revisions\/520"}],"wp:attachment":[{"href":"https:\/\/alme-gestalt.com\/de\/wp-json\/wp\/v2\/media?parent=20"}],"curies":[{"name":"wp","href":"https:\/\/api.w.org\/{rel}","templated":true}]}}