{"id":21,"date":"2021-09-21T15:26:20","date_gmt":"2021-09-21T15:26:20","guid":{"rendered":"http:\/\/alme-gestalt.local\/?page_id=21"},"modified":"2026-01-22T16:43:30","modified_gmt":"2026-01-22T16:43:30","slug":"about","status":"publish","type":"page","link":"https:\/\/alme-gestalt.com\/de\/about\/","title":{"rendered":"\u00dcber mich"},"content":{"rendered":"<ul class=\"wp-block-list\">\n<li>Gestalt-th\u00e9rapeute certifi\u00e9e par <a href=\"https:\/\/gestalt-iffp.fr\/\">Gestalt-IFFP<\/a> (Institut Fran\u00e7ais de Formation Psychocorporelle)<\/li>\n\n\n\n<li>adh\u00e9rente \u00e0 la F\u00e9d\u00e9ration Fran\u00e7aise de Psychoth\u00e9rapie et Psychanalyse (<a href=\"https:\/\/www.ff2p.fr\/\">FF2P<\/a>)<\/li>\n\n\n\n<li>en supervision continue pour ma pratique professionnelle<\/li>\n\n\n\n<li>je re\u00e7ois en fran\u00e7ais, allemand et anglais<\/li>\n\n\n\n<li>en pr\u00e9sentiel et en visio<\/li>\n<\/ul>\n\n\n\n<p><\/p>\n\n\n\n<figure class=\"wp-block-image size-medium\"><img loading=\"lazy\" decoding=\"async\" width=\"300\" height=\"200\" src=\"https:\/\/alme-gestalt.com\/wp-content\/uploads\/2021\/09\/10576956_10204001293540033_4210230013728911377_n-300x200.jpg\" alt=\"\" class=\"wp-image-55\" srcset=\"https:\/\/alme-gestalt.com\/wp-content\/uploads\/2021\/09\/10576956_10204001293540033_4210230013728911377_n-300x200.jpg 300w, https:\/\/alme-gestalt.com\/wp-content\/uploads\/2021\/09\/10576956_10204001293540033_4210230013728911377_n.jpg 448w\" sizes=\"auto, (max-width: 300px) 100vw, 300px\" \/><\/figure>\n\n\n\n<p>Quelques mots sur ma personne :<\/p>\n\n\n\n<p>Je suis autrichienne et j&rsquo;ai accompli mon cursus scolaire au Lyc\u00e9e Fran\u00e7ais de Vienne, c&rsquo;est pourquoi je suis enti\u00e8rement bilingue. Apr\u00e8s des \u00e9tudes de psychologie et de sociologie \u00e0 Vienne ainsi qu&rsquo;une formation d&rsquo;assistante sociale, j\u2019ai travaill\u00e9 de nombreuses ann\u00e9es dans l\u2019accompagnement et l\u2019insertion professionnelle de jeunes personnes. J&rsquo;ai aussi v\u00e9cu un an \u00e0 New York o\u00f9 j&rsquo;ai suivi des cours de th\u00e9\u00e2tre, je suis donc en mesure d&rsquo;accompagner aussi des anglophones.<\/p>\n\n\n\n<p>Je vis en France depuis 2012, et c&rsquo;est ici que j&rsquo;ai \u00e9t\u00e9 form\u00e9e \u00e0 la Gestalt-th\u00e9rapie, une passion de longue date.<\/p>\n\n\n\n<p>Aujourd&rsquo;hui j&rsquo;exerce \u00e0 Paris dans le 11\u00e8me arrondissement, \u00e0 Fontainebleau et \u00e0 Ch\u00e2teau-Landon en Seine-et-Marne, o\u00f9 je vis. Je re\u00e7ois des adultes, des adolescents et des couples pour les probl\u00e9matiques suivantes :<\/p>\n\n\n\n<ul class=\"wp-block-list\">\n<li>difficult\u00e9s relationnelles<\/li>\n\n\n\n<li>conduites addictives<\/li>\n\n\n\n<li>deuil et s\u00e9paration<\/li>\n\n\n\n<li>d\u00e9pression et burn-out<\/li>\n\n\n\n<li>th\u00e9matiques interculturelles et du genre<\/li>\n\n\n\n<li>traumatismes<\/li>\n\n\n\n<li>accompagnement dans les grandes \u00e9tapes de la vie : parentalit\u00e9, retraite etc&#8230;<\/li>\n<\/ul>\n\n\n\n<figure class=\"wp-block-gallery alignleft has-nested-images columns-default is-cropped wp-block-gallery-1 is-layout-flex wp-block-gallery-is-layout-flex\">\n<figure class=\"wp-block-image size-full\"><img loading=\"lazy\" decoding=\"async\" width=\"2240\" height=\"2221\" data-id=\"795\" src=\"https:\/\/alme-gestalt.com\/wp-content\/uploads\/2026\/01\/Design-sans-titre-3.png\" alt=\"\" class=\"wp-image-795\" srcset=\"https:\/\/alme-gestalt.com\/wp-content\/uploads\/2026\/01\/Design-sans-titre-3.png 2240w, https:\/\/alme-gestalt.com\/wp-content\/uploads\/2026\/01\/Design-sans-titre-3-300x297.png 300w, https:\/\/alme-gestalt.com\/wp-content\/uploads\/2026\/01\/Design-sans-titre-3-1024x1015.png 1024w, https:\/\/alme-gestalt.com\/wp-content\/uploads\/2026\/01\/Design-sans-titre-3-150x150.png 150w, https:\/\/alme-gestalt.com\/wp-content\/uploads\/2026\/01\/Design-sans-titre-3-768x761.png 768w, https:\/\/alme-gestalt.com\/wp-content\/uploads\/2026\/01\/Design-sans-titre-3-1536x1523.png 1536w, https:\/\/alme-gestalt.com\/wp-content\/uploads\/2026\/01\/Design-sans-titre-3-2048x2031.png 2048w, https:\/\/alme-gestalt.com\/wp-content\/uploads\/2026\/01\/Design-sans-titre-3-12x12.png 12w, https:\/\/alme-gestalt.com\/wp-content\/uploads\/2026\/01\/Design-sans-titre-3-1568x1555.png 1568w\" sizes=\"auto, (max-width: 2240px) 100vw, 2240px\" \/><\/figure>\n<\/figure>\n\n\n\n<p><\/p>\n\n\n\n<p><\/p>\n\n\n\n<p><\/p>\n\n\n\n<p><\/p>\n\n\n\n<p><\/p>\n\n\n\n<p><\/p>\n\n\n\n<p><\/p>","protected":false},"excerpt":{"rendered":"<p>Quelques mots sur ma personne : Je suis autrichienne et j&rsquo;ai accompli mon cursus scolaire au Lyc\u00e9e Fran\u00e7ais de Vienne, c&rsquo;est pourquoi je suis enti\u00e8rement bilingue. Apr\u00e8s des \u00e9tudes de psychologie et de sociologie \u00e0 Vienne ainsi qu&rsquo;une formation d&rsquo;assistante sociale, j\u2019ai travaill\u00e9 de nombreuses ann\u00e9es dans l\u2019accompagnement et l\u2019insertion professionnelle de jeunes personnes. J&rsquo;ai&hellip; <a class=\"more-link\" href=\"https:\/\/alme-gestalt.com\/de\/about\/\"><span class=\"screen-reader-text\">\u00dcber mich<\/span> weiterlesen<\/a><\/p>","protected":false},"author":1,"featured_media":0,"parent":0,"menu_order":0,"comment_status":"closed","ping_status":"closed","template":"","meta":{"_monsterinsights_skip_tracking":false,"_monsterinsights_sitenote_active":false,"_monsterinsights_sitenote_note":"","_monsterinsights_sitenote_category":0,"footnotes":""},"class_list":["post-21","page","type-page","status-publish","hentry","entry"],"aioseo_notices":[],"_links":{"self":[{"href":"https:\/\/alme-gestalt.com\/de\/wp-json\/wp\/v2\/pages\/21","targetHints":{"allow":["GET"]}}],"collection":[{"href":"https:\/\/alme-gestalt.com\/de\/wp-json\/wp\/v2\/pages"}],"about":[{"href":"https:\/\/alme-gestalt.com\/de\/wp-json\/wp\/v2\/types\/page"}],"author":[{"embeddable":true,"href":"https:\/\/alme-gestalt.com\/de\/wp-json\/wp\/v2\/users\/1"}],"replies":[{"embeddable":true,"href":"https:\/\/alme-gestalt.com\/de\/wp-json\/wp\/v2\/comments?post=21"}],"version-history":[{"count":28,"href":"https:\/\/alme-gestalt.com\/de\/wp-json\/wp\/v2\/pages\/21\/revisions"}],"predecessor-version":[{"id":797,"href":"https:\/\/alme-gestalt.com\/de\/wp-json\/wp\/v2\/pages\/21\/revisions\/797"}],"wp:attachment":[{"href":"https:\/\/alme-gestalt.com\/de\/wp-json\/wp\/v2\/media?parent=21"}],"curies":[{"name":"wp","href":"https:\/\/api.w.org\/{rel}","templated":true}]}}