{"id":266,"date":"2021-10-12T16:39:33","date_gmt":"2021-10-12T16:39:33","guid":{"rendered":"http:\/\/alme-gestalt.local\/?page_id=266"},"modified":"2021-10-12T16:39:34","modified_gmt":"2021-10-12T16:39:34","slug":"266-2","status":"publish","type":"page","link":"https:\/\/alme-gestalt.com\/de\/266-2\/","title":{"rendered":"Ohne Titel"},"content":{"rendered":"<p>A Paris : 21, boulevard de Strasbourg 75010 Paris<\/p>\n\n\n\n<p>A Ch\u00e2teau-Landon : 7, place du March\u00e9 77570 Ch\u00e2teau-Landon<\/p>","protected":false},"excerpt":{"rendered":"<p>A Paris : 21, boulevard de Strasbourg 75010 Paris A Ch\u00e2teau-Landon : 7, place du March\u00e9 77570 Ch\u00e2teau-Landon<\/p>","protected":false},"author":1,"featured_media":0,"parent":0,"menu_order":0,"comment_status":"closed","ping_status":"closed","template":"","meta":{"_monsterinsights_skip_tracking":false,"_monsterinsights_sitenote_active":false,"_monsterinsights_sitenote_note":"","_monsterinsights_sitenote_category":0,"footnotes":""},"class_list":["post-266","page","type-page","status-publish","hentry","entry"],"aioseo_notices":[],"_links":{"self":[{"href":"https:\/\/alme-gestalt.com\/de\/wp-json\/wp\/v2\/pages\/266","targetHints":{"allow":["GET"]}}],"collection":[{"href":"https:\/\/alme-gestalt.com\/de\/wp-json\/wp\/v2\/pages"}],"about":[{"href":"https:\/\/alme-gestalt.com\/de\/wp-json\/wp\/v2\/types\/page"}],"author":[{"embeddable":true,"href":"https:\/\/alme-gestalt.com\/de\/wp-json\/wp\/v2\/users\/1"}],"replies":[{"embeddable":true,"href":"https:\/\/alme-gestalt.com\/de\/wp-json\/wp\/v2\/comments?post=266"}],"version-history":[{"count":1,"href":"https:\/\/alme-gestalt.com\/de\/wp-json\/wp\/v2\/pages\/266\/revisions"}],"predecessor-version":[{"id":267,"href":"https:\/\/alme-gestalt.com\/de\/wp-json\/wp\/v2\/pages\/266\/revisions\/267"}],"wp:attachment":[{"href":"https:\/\/alme-gestalt.com\/de\/wp-json\/wp\/v2\/media?parent=266"}],"curies":[{"name":"wp","href":"https:\/\/api.w.org\/{rel}","templated":true}]}}